{"id":10845,"date":"2024-09-27T16:32:03","date_gmt":"2024-09-27T16:32:03","guid":{"rendered":"https:\/\/www.originalleather.com.co\/sitio\/?page_id=10845"},"modified":"2024-09-27T22:58:47","modified_gmt":"2024-09-27T22:58:47","slug":"pqr","status":"publish","type":"page","link":"https:\/\/www.originalleather.com.co\/sitio\/pqr\/","title":{"rendered":"PQR"},"content":{"rendered":"<p>[vc_row][vc_column][vc_column_text woodmart_inline=&#8221;no&#8221; text_larger=&#8221;no&#8221;]Este canal permite a nuestros clientes comunicarse con Original Leather para enviar solicitudes, expresar inquietudes o reportar inconvenientes relacionados con nuestros productos o servicios. Nos comprometemos a dar respuesta oportuna y eficiente a cada solicitud para garantizar su satisfacci\u00f3n.[\/vc_column_text][\/vc_column][vc_column]\n<div class=\"wpcf7 no-js\" id=\"wpcf7-f5-o1\" lang=\"es-ES\" dir=\"ltr\">\n<div class=\"screen-reader-response\"><p role=\"status\" aria-live=\"polite\" aria-atomic=\"true\"><\/p> <ul><\/ul><\/div>\n<form action=\"\/sitio\/wp-json\/wp\/v2\/pages\/10845#wpcf7-f5-o1\" method=\"post\" class=\"wpcf7-form init\" aria-label=\"Formulario de contacto\" enctype=\"multipart\/form-data\" novalidate=\"novalidate\" data-status=\"init\">\n<div style=\"display: none;\">\n<input type=\"hidden\" name=\"_wpcf7\" value=\"5\" \/>\n<input type=\"hidden\" name=\"_wpcf7_version\" value=\"5.8.4\" \/>\n<input type=\"hidden\" name=\"_wpcf7_locale\" value=\"es_ES\" \/>\n<input type=\"hidden\" name=\"_wpcf7_unit_tag\" value=\"wpcf7-f5-o1\" \/>\n<input type=\"hidden\" name=\"_wpcf7_container_post\" value=\"0\" \/>\n<input type=\"hidden\" name=\"_wpcf7_posted_data_hash\" value=\"\" \/>\n<\/div>\n<p><label> Nombre Completo(*)<br \/>\n<span class=\"wpcf7-form-control-wrap\" data-name=\"your-name\"><input size=\"40\" class=\"wpcf7-form-control wpcf7-text wpcf7-validates-as-required\" aria-required=\"true\" aria-invalid=\"false\" value=\"\" type=\"text\" name=\"your-name\" \/><\/span> <\/label>\n<\/p>\n<p><label> Email (*)<br \/>\n<span class=\"wpcf7-form-control-wrap\" data-name=\"your-email\"><input size=\"40\" class=\"wpcf7-form-control wpcf7-email wpcf7-validates-as-required wpcf7-text wpcf7-validates-as-email\" aria-required=\"true\" aria-invalid=\"false\" value=\"\" type=\"email\" name=\"your-email\" \/><\/span> <\/label>\n<\/p>\n<p><label> Tel\u00e9fono (*)<br \/>\n<span class=\"wpcf7-form-control-wrap\" data-name=\"your-telefono\"><input size=\"40\" class=\"wpcf7-form-control wpcf7-text wpcf7-validates-as-required\" aria-required=\"true\" aria-invalid=\"false\" value=\"\" type=\"text\" name=\"your-telefono\" \/><\/span> <\/label>\n<\/p>\n<p><label> Asunto<br \/>\n<span class=\"wpcf7-form-control-wrap\" data-name=\"radio-578\"><span class=\"wpcf7-form-control wpcf7-radio\"><span class=\"wpcf7-list-item first\"><label><input type=\"radio\" name=\"radio-578\" value=\"Pregunta\" checked=\"checked\" \/><span class=\"wpcf7-list-item-label\">Pregunta<\/span><\/label><\/span><span class=\"wpcf7-list-item\"><label><input type=\"radio\" name=\"radio-578\" value=\"Queja\" \/><span class=\"wpcf7-list-item-label\">Queja<\/span><\/label><\/span><span class=\"wpcf7-list-item last\"><label><input type=\"radio\" name=\"radio-578\" value=\"Reclamo\" \/><span class=\"wpcf7-list-item-label\">Reclamo<\/span><\/label><\/span><\/span><\/span> <\/label>\n<\/p>\n<p><label> Mensaje<br \/>\n<span class=\"wpcf7-form-control-wrap\" data-name=\"your-message\"><textarea cols=\"40\" rows=\"10\" class=\"wpcf7-form-control wpcf7-textarea\" aria-invalid=\"false\" name=\"your-message\"><\/textarea><\/span> <\/label>\n<\/p>\n<p><label> Foto:<br \/>\n<span class=\"wpcf7-form-control-wrap\" data-name=\"file-903\"><input size=\"40\" class=\"wpcf7-form-control wpcf7-file\" accept=\"audio\/*,video\/*,image\/*\" aria-invalid=\"false\" type=\"file\" name=\"file-903\" \/><\/span> <\/label>\n<\/p>\n<p><input class=\"wpcf7-form-control wpcf7-submit has-spinner\" type=\"submit\" value=\"Enviar\" \/>\n<\/p><p style=\"display: none !important;\"><label>&#916;<textarea name=\"_wpcf7_ak_hp_textarea\" cols=\"45\" rows=\"8\" maxlength=\"100\"><\/textarea><\/label><input type=\"hidden\" id=\"ak_js_1\" name=\"_wpcf7_ak_js\" value=\"188\"\/><script>document.getElementById( \"ak_js_1\" ).setAttribute( \"value\", ( new Date() ).getTime() );<\/script><\/p><div class=\"wpcf7-response-output\" aria-hidden=\"true\"><\/div>\n<\/form>\n<\/div>\n[\/vc_column][\/vc_row]<\/p>\n","protected":false},"excerpt":{"rendered":"<p>[vc_row][vc_column][vc_column_text woodmart_inline=&#8221;no&#8221; text_larger=&#8221;no&#8221;]Este canal permite a nuestros clientes comunicarse con Original Leather para enviar solicitudes, expresar inquietudes o reportar inconvenientes<\/p>\n","protected":false},"author":1,"featured_media":0,"parent":0,"menu_order":0,"comment_status":"closed","ping_status":"closed","template":"","meta":{"footnotes":""},"yoast_head":"<!-- This site is optimized with the Yoast SEO plugin v21.6 - https:\/\/yoast.com\/wordpress\/plugins\/seo\/ -->\n<title>PQR - Original Leather<\/title>\n<meta name=\"robots\" content=\"index, follow, max-snippet:-1, max-image-preview:large, max-video-preview:-1\" \/>\n<link rel=\"canonical\" href=\"https:\/\/www.originalleather.com.co\/sitio\/pqr\/\" \/>\n<meta property=\"og:locale\" content=\"es_ES\" \/>\n<meta property=\"og:type\" content=\"article\" \/>\n<meta property=\"og:title\" content=\"PQR - Original Leather\" \/>\n<meta property=\"og:description\" content=\"[vc_row][vc_column][vc_column_text woodmart_inline=&#8221;no&#8221; text_larger=&#8221;no&#8221;]Este canal permite a nuestros clientes comunicarse con Original Leather para enviar solicitudes, expresar inquietudes o reportar inconvenientes\" \/>\n<meta property=\"og:url\" content=\"https:\/\/www.originalleather.com.co\/sitio\/pqr\/\" \/>\n<meta property=\"og:site_name\" content=\"Original Leather\" \/>\n<meta property=\"article:modified_time\" content=\"2024-09-27T22:58:47+00:00\" \/>\n<meta name=\"twitter:card\" content=\"summary_large_image\" \/>\n<meta name=\"twitter:label1\" content=\"Tiempo de lectura\" \/>\n\t<meta name=\"twitter:data1\" content=\"1 minuto\" \/>\n<script type=\"application\/ld+json\" class=\"yoast-schema-graph\">{\"@context\":\"https:\/\/schema.org\",\"@graph\":[{\"@type\":\"WebPage\",\"@id\":\"https:\/\/www.originalleather.com.co\/sitio\/pqr\/\",\"url\":\"https:\/\/www.originalleather.com.co\/sitio\/pqr\/\",\"name\":\"PQR - Original Leather\",\"isPartOf\":{\"@id\":\"https:\/\/www.originalleather.com.co\/sitio\/#website\"},\"datePublished\":\"2024-09-27T16:32:03+00:00\",\"dateModified\":\"2024-09-27T22:58:47+00:00\",\"breadcrumb\":{\"@id\":\"https:\/\/www.originalleather.com.co\/sitio\/pqr\/#breadcrumb\"},\"inLanguage\":\"es\",\"potentialAction\":[{\"@type\":\"ReadAction\",\"target\":[\"https:\/\/www.originalleather.com.co\/sitio\/pqr\/\"]}]},{\"@type\":\"BreadcrumbList\",\"@id\":\"https:\/\/www.originalleather.com.co\/sitio\/pqr\/#breadcrumb\",\"itemListElement\":[{\"@type\":\"ListItem\",\"position\":1,\"name\":\"Portada\",\"item\":\"https:\/\/www.originalleather.com.co\/sitio\/\"},{\"@type\":\"ListItem\",\"position\":2,\"name\":\"PQR\"}]},{\"@type\":\"WebSite\",\"@id\":\"https:\/\/www.originalleather.com.co\/sitio\/#website\",\"url\":\"https:\/\/www.originalleather.com.co\/sitio\/\",\"name\":\"Original Leather\",\"description\":\"Original Leather la m\u00e1s amplia variedad de Accesorios en cuero y Cinturones en todos los estilos, dise\u00f1os y colores. Los dise\u00f1os de Original Leather se basan en las \u00faltimas tendencias de la moda, para as\u00ed poder brindarte productos con el mejor gusto y de la mejor calidad. Medellin Colombia, billeteras en cuero, cinturones en cuero, billeteras, cinturones.\",\"potentialAction\":[{\"@type\":\"SearchAction\",\"target\":{\"@type\":\"EntryPoint\",\"urlTemplate\":\"https:\/\/www.originalleather.com.co\/sitio\/?s={search_term_string}\"},\"query-input\":\"required name=search_term_string\"}],\"inLanguage\":\"es\"}]}<\/script>\n<!-- \/ Yoast SEO plugin. -->","yoast_head_json":{"title":"PQR - Original Leather","robots":{"index":"index","follow":"follow","max-snippet":"max-snippet:-1","max-image-preview":"max-image-preview:large","max-video-preview":"max-video-preview:-1"},"canonical":"https:\/\/www.originalleather.com.co\/sitio\/pqr\/","og_locale":"es_ES","og_type":"article","og_title":"PQR - Original Leather","og_description":"[vc_row][vc_column][vc_column_text woodmart_inline=&#8221;no&#8221; text_larger=&#8221;no&#8221;]Este canal permite a nuestros clientes comunicarse con Original Leather para enviar solicitudes, expresar inquietudes o reportar inconvenientes","og_url":"https:\/\/www.originalleather.com.co\/sitio\/pqr\/","og_site_name":"Original Leather","article_modified_time":"2024-09-27T22:58:47+00:00","twitter_card":"summary_large_image","twitter_misc":{"Tiempo de lectura":"1 minuto"},"schema":{"@context":"https:\/\/schema.org","@graph":[{"@type":"WebPage","@id":"https:\/\/www.originalleather.com.co\/sitio\/pqr\/","url":"https:\/\/www.originalleather.com.co\/sitio\/pqr\/","name":"PQR - Original Leather","isPartOf":{"@id":"https:\/\/www.originalleather.com.co\/sitio\/#website"},"datePublished":"2024-09-27T16:32:03+00:00","dateModified":"2024-09-27T22:58:47+00:00","breadcrumb":{"@id":"https:\/\/www.originalleather.com.co\/sitio\/pqr\/#breadcrumb"},"inLanguage":"es","potentialAction":[{"@type":"ReadAction","target":["https:\/\/www.originalleather.com.co\/sitio\/pqr\/"]}]},{"@type":"BreadcrumbList","@id":"https:\/\/www.originalleather.com.co\/sitio\/pqr\/#breadcrumb","itemListElement":[{"@type":"ListItem","position":1,"name":"Portada","item":"https:\/\/www.originalleather.com.co\/sitio\/"},{"@type":"ListItem","position":2,"name":"PQR"}]},{"@type":"WebSite","@id":"https:\/\/www.originalleather.com.co\/sitio\/#website","url":"https:\/\/www.originalleather.com.co\/sitio\/","name":"Original Leather","description":"Original Leather la m\u00e1s amplia variedad de Accesorios en cuero y Cinturones en todos los estilos, dise\u00f1os y colores. Los dise\u00f1os de Original Leather se basan en las \u00faltimas tendencias de la moda, para as\u00ed poder brindarte productos con el mejor gusto y de la mejor calidad. Medellin Colombia, billeteras en cuero, cinturones en cuero, billeteras, cinturones.","potentialAction":[{"@type":"SearchAction","target":{"@type":"EntryPoint","urlTemplate":"https:\/\/www.originalleather.com.co\/sitio\/?s={search_term_string}"},"query-input":"required name=search_term_string"}],"inLanguage":"es"}]}},"jetpack_sharing_enabled":true,"_links":{"self":[{"href":"https:\/\/www.originalleather.com.co\/sitio\/wp-json\/wp\/v2\/pages\/10845"}],"collection":[{"href":"https:\/\/www.originalleather.com.co\/sitio\/wp-json\/wp\/v2\/pages"}],"about":[{"href":"https:\/\/www.originalleather.com.co\/sitio\/wp-json\/wp\/v2\/types\/page"}],"author":[{"embeddable":true,"href":"https:\/\/www.originalleather.com.co\/sitio\/wp-json\/wp\/v2\/users\/1"}],"replies":[{"embeddable":true,"href":"https:\/\/www.originalleather.com.co\/sitio\/wp-json\/wp\/v2\/comments?post=10845"}],"version-history":[{"count":5,"href":"https:\/\/www.originalleather.com.co\/sitio\/wp-json\/wp\/v2\/pages\/10845\/revisions"}],"predecessor-version":[{"id":10850,"href":"https:\/\/www.originalleather.com.co\/sitio\/wp-json\/wp\/v2\/pages\/10845\/revisions\/10850"}],"wp:attachment":[{"href":"https:\/\/www.originalleather.com.co\/sitio\/wp-json\/wp\/v2\/media?parent=10845"}],"curies":[{"name":"wp","href":"https:\/\/api.w.org\/{rel}","templated":true}]}}