{"id":10076,"date":"2023-04-01T03:14:01","date_gmt":"2023-04-01T03:14:01","guid":{"rendered":"https:\/\/www.originalleather.com.co\/sitio\/?post_type=product&#038;p=10076"},"modified":"2026-03-05T16:31:16","modified_gmt":"2026-03-05T16:31:16","slug":"cinturon-hombre-reata-jh-negro","status":"publish","type":"product","link":"https:\/\/www.originalleather.com.co\/sitio\/product\/cinturon-hombre-reata-jh-negro\/","title":{"rendered":"Cintur\u00f3n hombre reata JH negro"},"content":{"rendered":"","protected":false},"excerpt":{"rendered":"<p><a href=\"https:\/\/www.originalleather.com.co\/sitio\/guia-de-tallas\/\" target=\"_blank\" rel=\"noopener\">Gu\u00eda de Tallas<\/a> <br \/>Producto 100% Colombiano <a href=\"https:\/\/www.originalleather.com.co\/sitio\/product-category\/varios\/cuidado-cuero\/\">Cuidado del Cuero<\/a><\/p>\n","protected":false},"featured_media":10059,"comment_status":"open","ping_status":"closed","template":"","meta":{"jetpack_publicize_message":"","jetpack_is_tweetstorm":false,"jetpack_publicize_feature_enabled":true,"jetpack_social_post_already_shared":false,"jetpack_social_options":{"image_generator_settings":{"template":"highway","enabled":false}}},"product_cat":[109,115,281],"product_tag":[],"jetpack_publicize_connections":[],"yoast_head":"<!-- This site is optimized with the Yoast SEO plugin v21.6 - https:\/\/yoast.com\/wordpress\/plugins\/seo\/ -->\n<title>Cintur\u00f3n hombre reata JH negro - Original Leather<\/title>\n<meta name=\"robots\" content=\"index, follow, max-snippet:-1, max-image-preview:large, max-video-preview:-1\" \/>\n<link rel=\"canonical\" href=\"https:\/\/www.originalleather.com.co\/sitio\/product\/cinturon-hombre-reata-jh-negro\/\" \/>\n<meta property=\"og:locale\" content=\"es_ES\" \/>\n<meta property=\"og:type\" content=\"article\" \/>\n<meta property=\"og:title\" content=\"Cintur\u00f3n hombre reata JH negro - Original Leather\" \/>\n<meta property=\"og:description\" content=\"Gu\u00eda de Tallas Producto 100% Colombiano Cuidado del Cuero\" \/>\n<meta property=\"og:url\" content=\"https:\/\/www.originalleather.com.co\/sitio\/product\/cinturon-hombre-reata-jh-negro\/\" \/>\n<meta property=\"og:site_name\" content=\"Original Leather\" \/>\n<meta property=\"article:modified_time\" content=\"2026-03-05T16:31:16+00:00\" \/>\n<meta property=\"og:image\" content=\"https:\/\/www.originalleather.com.co\/sitio\/wp-content\/uploads\/2023\/04\/reata4.png\" \/>\n\t<meta property=\"og:image:width\" content=\"898\" \/>\n\t<meta property=\"og:image:height\" content=\"1200\" \/>\n\t<meta property=\"og:image:type\" content=\"image\/png\" \/>\n<meta name=\"twitter:card\" content=\"summary_large_image\" \/>\n<script type=\"application\/ld+json\" class=\"yoast-schema-graph\">{\"@context\":\"https:\/\/schema.org\",\"@graph\":[{\"@type\":\"WebPage\",\"@id\":\"https:\/\/www.originalleather.com.co\/sitio\/product\/cinturon-hombre-reata-jh-negro\/\",\"url\":\"https:\/\/www.originalleather.com.co\/sitio\/product\/cinturon-hombre-reata-jh-negro\/\",\"name\":\"Cintur\u00f3n hombre reata JH negro - Original Leather\",\"isPartOf\":{\"@id\":\"https:\/\/www.originalleather.com.co\/sitio\/#website\"},\"datePublished\":\"2023-04-01T03:14:01+00:00\",\"dateModified\":\"2026-03-05T16:31:16+00:00\",\"breadcrumb\":{\"@id\":\"https:\/\/www.originalleather.com.co\/sitio\/product\/cinturon-hombre-reata-jh-negro\/#breadcrumb\"},\"inLanguage\":\"es\",\"potentialAction\":[{\"@type\":\"ReadAction\",\"target\":[\"https:\/\/www.originalleather.com.co\/sitio\/product\/cinturon-hombre-reata-jh-negro\/\"]}]},{\"@type\":\"BreadcrumbList\",\"@id\":\"https:\/\/www.originalleather.com.co\/sitio\/product\/cinturon-hombre-reata-jh-negro\/#breadcrumb\",\"itemListElement\":[{\"@type\":\"ListItem\",\"position\":1,\"name\":\"Portada\",\"item\":\"https:\/\/www.originalleather.com.co\/sitio\/\"},{\"@type\":\"ListItem\",\"position\":2,\"name\":\"Shop\",\"item\":\"https:\/\/www.originalleather.com.co\/sitio\/shop\/\"},{\"@type\":\"ListItem\",\"position\":3,\"name\":\"Cintur\u00f3n hombre reata JH negro\"}]},{\"@type\":\"WebSite\",\"@id\":\"https:\/\/www.originalleather.com.co\/sitio\/#website\",\"url\":\"https:\/\/www.originalleather.com.co\/sitio\/\",\"name\":\"Original Leather\",\"description\":\"Original Leather la m\u00e1s amplia variedad de Accesorios en cuero y Cinturones en todos los estilos, dise\u00f1os y colores. Los dise\u00f1os de Original Leather se basan en las \u00faltimas tendencias de la moda, para as\u00ed poder brindarte productos con el mejor gusto y de la mejor calidad. Medellin Colombia, billeteras en cuero, cinturones en cuero, billeteras, cinturones.\",\"potentialAction\":[{\"@type\":\"SearchAction\",\"target\":{\"@type\":\"EntryPoint\",\"urlTemplate\":\"https:\/\/www.originalleather.com.co\/sitio\/?s={search_term_string}\"},\"query-input\":\"required name=search_term_string\"}],\"inLanguage\":\"es\"}]}<\/script>\n<!-- \/ Yoast SEO plugin. -->","yoast_head_json":{"title":"Cintur\u00f3n hombre reata JH negro - Original Leather","robots":{"index":"index","follow":"follow","max-snippet":"max-snippet:-1","max-image-preview":"max-image-preview:large","max-video-preview":"max-video-preview:-1"},"canonical":"https:\/\/www.originalleather.com.co\/sitio\/product\/cinturon-hombre-reata-jh-negro\/","og_locale":"es_ES","og_type":"article","og_title":"Cintur\u00f3n hombre reata JH negro - Original Leather","og_description":"Gu\u00eda de Tallas Producto 100% Colombiano Cuidado del Cuero","og_url":"https:\/\/www.originalleather.com.co\/sitio\/product\/cinturon-hombre-reata-jh-negro\/","og_site_name":"Original Leather","article_modified_time":"2026-03-05T16:31:16+00:00","og_image":[{"width":898,"height":1200,"url":"https:\/\/www.originalleather.com.co\/sitio\/wp-content\/uploads\/2023\/04\/reata4.png","type":"image\/png"}],"twitter_card":"summary_large_image","schema":{"@context":"https:\/\/schema.org","@graph":[{"@type":"WebPage","@id":"https:\/\/www.originalleather.com.co\/sitio\/product\/cinturon-hombre-reata-jh-negro\/","url":"https:\/\/www.originalleather.com.co\/sitio\/product\/cinturon-hombre-reata-jh-negro\/","name":"Cintur\u00f3n hombre reata JH negro - Original Leather","isPartOf":{"@id":"https:\/\/www.originalleather.com.co\/sitio\/#website"},"datePublished":"2023-04-01T03:14:01+00:00","dateModified":"2026-03-05T16:31:16+00:00","breadcrumb":{"@id":"https:\/\/www.originalleather.com.co\/sitio\/product\/cinturon-hombre-reata-jh-negro\/#breadcrumb"},"inLanguage":"es","potentialAction":[{"@type":"ReadAction","target":["https:\/\/www.originalleather.com.co\/sitio\/product\/cinturon-hombre-reata-jh-negro\/"]}]},{"@type":"BreadcrumbList","@id":"https:\/\/www.originalleather.com.co\/sitio\/product\/cinturon-hombre-reata-jh-negro\/#breadcrumb","itemListElement":[{"@type":"ListItem","position":1,"name":"Portada","item":"https:\/\/www.originalleather.com.co\/sitio\/"},{"@type":"ListItem","position":2,"name":"Shop","item":"https:\/\/www.originalleather.com.co\/sitio\/shop\/"},{"@type":"ListItem","position":3,"name":"Cintur\u00f3n hombre reata JH negro"}]},{"@type":"WebSite","@id":"https:\/\/www.originalleather.com.co\/sitio\/#website","url":"https:\/\/www.originalleather.com.co\/sitio\/","name":"Original Leather","description":"Original Leather la m\u00e1s amplia variedad de Accesorios en cuero y Cinturones en todos los estilos, dise\u00f1os y colores. Los dise\u00f1os de Original Leather se basan en las \u00faltimas tendencias de la moda, para as\u00ed poder brindarte productos con el mejor gusto y de la mejor calidad. Medellin Colombia, billeteras en cuero, cinturones en cuero, billeteras, cinturones.","potentialAction":[{"@type":"SearchAction","target":{"@type":"EntryPoint","urlTemplate":"https:\/\/www.originalleather.com.co\/sitio\/?s={search_term_string}"},"query-input":"required name=search_term_string"}],"inLanguage":"es"}]}},"jetpack_sharing_enabled":true,"_links":{"self":[{"href":"https:\/\/www.originalleather.com.co\/sitio\/wp-json\/wp\/v2\/product\/10076"}],"collection":[{"href":"https:\/\/www.originalleather.com.co\/sitio\/wp-json\/wp\/v2\/product"}],"about":[{"href":"https:\/\/www.originalleather.com.co\/sitio\/wp-json\/wp\/v2\/types\/product"}],"replies":[{"embeddable":true,"href":"https:\/\/www.originalleather.com.co\/sitio\/wp-json\/wp\/v2\/comments?post=10076"}],"wp:featuredmedia":[{"embeddable":true,"href":"https:\/\/www.originalleather.com.co\/sitio\/wp-json\/wp\/v2\/media\/10059"}],"wp:attachment":[{"href":"https:\/\/www.originalleather.com.co\/sitio\/wp-json\/wp\/v2\/media?parent=10076"}],"wp:term":[{"taxonomy":"product_cat","embeddable":true,"href":"https:\/\/www.originalleather.com.co\/sitio\/wp-json\/wp\/v2\/product_cat?post=10076"},{"taxonomy":"product_tag","embeddable":true,"href":"https:\/\/www.originalleather.com.co\/sitio\/wp-json\/wp\/v2\/product_tag?post=10076"}],"curies":[{"name":"wp","href":"https:\/\/api.w.org\/{rel}","templated":true}]}}