{"id":11031,"date":"2025-06-07T15:33:27","date_gmt":"2025-06-07T15:33:27","guid":{"rendered":"https:\/\/www.originalleather.com.co\/sitio\/?post_type=product&#038;p=11031"},"modified":"2026-02-03T22:24:38","modified_gmt":"2026-02-03T22:24:38","slug":"llavero-cabeza-caballo","status":"publish","type":"product","link":"https:\/\/www.originalleather.com.co\/sitio\/product\/llavero-cabeza-caballo\/","title":{"rendered":"Llavero Cabeza Caballo"},"content":{"rendered":"","protected":false},"excerpt":{"rendered":"","protected":false},"featured_media":11032,"comment_status":"closed","ping_status":"closed","template":"","meta":{"jetpack_publicize_message":"","jetpack_is_tweetstorm":false,"jetpack_publicize_feature_enabled":true,"jetpack_social_post_already_shared":true,"jetpack_social_options":{"image_generator_settings":{"template":"highway","enabled":false}}},"product_cat":[107,263],"product_tag":[],"jetpack_publicize_connections":[],"yoast_head":"<!-- This site is optimized with the Yoast SEO plugin v21.6 - https:\/\/yoast.com\/wordpress\/plugins\/seo\/ -->\n<title>Llavero Cabeza Caballo - Original Leather<\/title>\n<meta name=\"robots\" content=\"index, follow, max-snippet:-1, max-image-preview:large, max-video-preview:-1\" \/>\n<link rel=\"canonical\" href=\"https:\/\/www.originalleather.com.co\/sitio\/product\/llavero-cabeza-caballo\/\" \/>\n<meta property=\"og:locale\" content=\"es_ES\" \/>\n<meta property=\"og:type\" content=\"article\" \/>\n<meta property=\"og:title\" content=\"Llavero Cabeza Caballo - Original Leather\" \/>\n<meta property=\"og:url\" content=\"https:\/\/www.originalleather.com.co\/sitio\/product\/llavero-cabeza-caballo\/\" \/>\n<meta property=\"og:site_name\" content=\"Original Leather\" \/>\n<meta property=\"article:modified_time\" content=\"2026-02-03T22:24:38+00:00\" \/>\n<meta property=\"og:image\" content=\"https:\/\/www.originalleather.com.co\/sitio\/wp-content\/uploads\/2025\/06\/cabeza-caballo-jpg.webp\" \/>\n\t<meta property=\"og:image:width\" content=\"1381\" \/>\n\t<meta property=\"og:image:height\" content=\"1600\" \/>\n\t<meta property=\"og:image:type\" content=\"image\/jpeg\" \/>\n<meta name=\"twitter:card\" content=\"summary_large_image\" \/>\n<script type=\"application\/ld+json\" class=\"yoast-schema-graph\">{\"@context\":\"https:\/\/schema.org\",\"@graph\":[{\"@type\":\"WebPage\",\"@id\":\"https:\/\/www.originalleather.com.co\/sitio\/product\/llavero-cabeza-caballo\/\",\"url\":\"https:\/\/www.originalleather.com.co\/sitio\/product\/llavero-cabeza-caballo\/\",\"name\":\"Llavero Cabeza Caballo - Original Leather\",\"isPartOf\":{\"@id\":\"https:\/\/www.originalleather.com.co\/sitio\/#website\"},\"datePublished\":\"2025-06-07T15:33:27+00:00\",\"dateModified\":\"2026-02-03T22:24:38+00:00\",\"breadcrumb\":{\"@id\":\"https:\/\/www.originalleather.com.co\/sitio\/product\/llavero-cabeza-caballo\/#breadcrumb\"},\"inLanguage\":\"es\",\"potentialAction\":[{\"@type\":\"ReadAction\",\"target\":[\"https:\/\/www.originalleather.com.co\/sitio\/product\/llavero-cabeza-caballo\/\"]}]},{\"@type\":\"BreadcrumbList\",\"@id\":\"https:\/\/www.originalleather.com.co\/sitio\/product\/llavero-cabeza-caballo\/#breadcrumb\",\"itemListElement\":[{\"@type\":\"ListItem\",\"position\":1,\"name\":\"Portada\",\"item\":\"https:\/\/www.originalleather.com.co\/sitio\/\"},{\"@type\":\"ListItem\",\"position\":2,\"name\":\"Shop\",\"item\":\"https:\/\/www.originalleather.com.co\/sitio\/shop\/\"},{\"@type\":\"ListItem\",\"position\":3,\"name\":\"Llavero Cabeza Caballo\"}]},{\"@type\":\"WebSite\",\"@id\":\"https:\/\/www.originalleather.com.co\/sitio\/#website\",\"url\":\"https:\/\/www.originalleather.com.co\/sitio\/\",\"name\":\"Original Leather\",\"description\":\"Original Leather la m\u00e1s amplia variedad de Accesorios en cuero y Cinturones en todos los estilos, dise\u00f1os y colores. Los dise\u00f1os de Original Leather se basan en las \u00faltimas tendencias de la moda, para as\u00ed poder brindarte productos con el mejor gusto y de la mejor calidad. Medellin Colombia, billeteras en cuero, cinturones en cuero, billeteras, cinturones.\",\"potentialAction\":[{\"@type\":\"SearchAction\",\"target\":{\"@type\":\"EntryPoint\",\"urlTemplate\":\"https:\/\/www.originalleather.com.co\/sitio\/?s={search_term_string}\"},\"query-input\":\"required name=search_term_string\"}],\"inLanguage\":\"es\"}]}<\/script>\n<!-- \/ Yoast SEO plugin. -->","yoast_head_json":{"title":"Llavero Cabeza Caballo - Original Leather","robots":{"index":"index","follow":"follow","max-snippet":"max-snippet:-1","max-image-preview":"max-image-preview:large","max-video-preview":"max-video-preview:-1"},"canonical":"https:\/\/www.originalleather.com.co\/sitio\/product\/llavero-cabeza-caballo\/","og_locale":"es_ES","og_type":"article","og_title":"Llavero Cabeza Caballo - Original Leather","og_url":"https:\/\/www.originalleather.com.co\/sitio\/product\/llavero-cabeza-caballo\/","og_site_name":"Original Leather","article_modified_time":"2026-02-03T22:24:38+00:00","og_image":[{"width":1381,"height":1600,"url":"https:\/\/www.originalleather.com.co\/sitio\/wp-content\/uploads\/2025\/06\/cabeza-caballo-jpg.webp","type":"image\/jpeg"}],"twitter_card":"summary_large_image","schema":{"@context":"https:\/\/schema.org","@graph":[{"@type":"WebPage","@id":"https:\/\/www.originalleather.com.co\/sitio\/product\/llavero-cabeza-caballo\/","url":"https:\/\/www.originalleather.com.co\/sitio\/product\/llavero-cabeza-caballo\/","name":"Llavero Cabeza Caballo - Original Leather","isPartOf":{"@id":"https:\/\/www.originalleather.com.co\/sitio\/#website"},"datePublished":"2025-06-07T15:33:27+00:00","dateModified":"2026-02-03T22:24:38+00:00","breadcrumb":{"@id":"https:\/\/www.originalleather.com.co\/sitio\/product\/llavero-cabeza-caballo\/#breadcrumb"},"inLanguage":"es","potentialAction":[{"@type":"ReadAction","target":["https:\/\/www.originalleather.com.co\/sitio\/product\/llavero-cabeza-caballo\/"]}]},{"@type":"BreadcrumbList","@id":"https:\/\/www.originalleather.com.co\/sitio\/product\/llavero-cabeza-caballo\/#breadcrumb","itemListElement":[{"@type":"ListItem","position":1,"name":"Portada","item":"https:\/\/www.originalleather.com.co\/sitio\/"},{"@type":"ListItem","position":2,"name":"Shop","item":"https:\/\/www.originalleather.com.co\/sitio\/shop\/"},{"@type":"ListItem","position":3,"name":"Llavero Cabeza Caballo"}]},{"@type":"WebSite","@id":"https:\/\/www.originalleather.com.co\/sitio\/#website","url":"https:\/\/www.originalleather.com.co\/sitio\/","name":"Original Leather","description":"Original Leather la m\u00e1s amplia variedad de Accesorios en cuero y Cinturones en todos los estilos, dise\u00f1os y colores. Los dise\u00f1os de Original Leather se basan en las \u00faltimas tendencias de la moda, para as\u00ed poder brindarte productos con el mejor gusto y de la mejor calidad. Medellin Colombia, billeteras en cuero, cinturones en cuero, billeteras, cinturones.","potentialAction":[{"@type":"SearchAction","target":{"@type":"EntryPoint","urlTemplate":"https:\/\/www.originalleather.com.co\/sitio\/?s={search_term_string}"},"query-input":"required name=search_term_string"}],"inLanguage":"es"}]}},"jetpack_sharing_enabled":true,"_links":{"self":[{"href":"https:\/\/www.originalleather.com.co\/sitio\/wp-json\/wp\/v2\/product\/11031"}],"collection":[{"href":"https:\/\/www.originalleather.com.co\/sitio\/wp-json\/wp\/v2\/product"}],"about":[{"href":"https:\/\/www.originalleather.com.co\/sitio\/wp-json\/wp\/v2\/types\/product"}],"replies":[{"embeddable":true,"href":"https:\/\/www.originalleather.com.co\/sitio\/wp-json\/wp\/v2\/comments?post=11031"}],"wp:featuredmedia":[{"embeddable":true,"href":"https:\/\/www.originalleather.com.co\/sitio\/wp-json\/wp\/v2\/media\/11032"}],"wp:attachment":[{"href":"https:\/\/www.originalleather.com.co\/sitio\/wp-json\/wp\/v2\/media?parent=11031"}],"wp:term":[{"taxonomy":"product_cat","embeddable":true,"href":"https:\/\/www.originalleather.com.co\/sitio\/wp-json\/wp\/v2\/product_cat?post=11031"},{"taxonomy":"product_tag","embeddable":true,"href":"https:\/\/www.originalleather.com.co\/sitio\/wp-json\/wp\/v2\/product_tag?post=11031"}],"curies":[{"name":"wp","href":"https:\/\/api.w.org\/{rel}","templated":true}]}}